{"id":370,"date":"2025-03-18T10:19:19","date_gmt":"2025-03-18T09:19:19","guid":{"rendered":"https:\/\/www.chateau-gloria.com\/mentions-legales\/"},"modified":"2025-06-24T11:15:59","modified_gmt":"2025-06-24T09:15:59","slug":"legal-notice","status":"publish","type":"page","link":"https:\/\/www.chateau-gloria.com\/en\/legal-notice\/","title":{"rendered":"Legal notice"},"content":{"rendered":"<h3>Publisher Information<\/h3>\n<p>Domaines Henri Martin<br \/>\nMail : <a href=\"mailto:%63%6f%6e&#116;%61ct&#64;ch%61&#116;e&#97;u-&#103;%6co%72i%61%2e&#99;&#111;&#109;\">contact&#64;chateau-gloria.com<\/a><br \/>\nT\u00e9l\u00e9phone :\u00a0<a href=\"https:\/\/www.google.com\/search?q=Ch%C3%A2teau+Saint-Pierre%2C+33250+Saint-Julien-Beychevelle&amp;rlz=1C1ONGR_frFR1102FR1102&amp;oq=Ch%C3%A2teau+Saint-Pierre%2C+33250+Saint-Julien-Beychevelle&amp;gs_lcrp=EgZjaHJvbWUyBggAEEUYOTIHCAEQABjvBTIKCAIQABiABBiiBDIHCAMQABjvBTIKCAQQABiABBiiBDIKCAUQABiABBiiBNIBBzk1OWowajeoAgCwAgA&amp;sourceid=chrome&amp;ie=UTF-8#\" data-dtype=\"d3ph\" data-local-attribute=\"d3ph\" data-ved=\"2ahUKEwjVopDEjb6MAxU-U6QEHTH5EnMQkAgoAHoECEQQAw\"><span aria-label=\"Appeler le 05 56 59 08 18\">05 56 59 08 18<\/span><\/a><br \/>\nAdresse : 2-4 rue Marie Am\u00e9lie 33250 Saint-Julien Beychevelle, France<br \/>\nSIREN\u00a0:\u00a0304 615 040<br \/>\nNum\u00e9ro de TVA intracommunautaire : FR81304615040<\/p>\n<h3>Publication Manager<\/h3>\n<p>Caroline Triaud<br \/>\n<a href=\"mailto:%63%6f%6e&#116;%61ct&#64;ch%61&#116;e&#97;u-&#103;%6co%72i%61%2e&#99;&#111;&#109;\">contact&#64;chateau-gloria.com<\/a><\/p>\n<h3>Development<\/h3>\n<p>Milk Digital<\/p>\n<h3>Hosting<\/h3>\n<p>Milk Digital c\/o OVHCloud<br \/>\n<span class=\"LrzXr\">2 Rue Kellermann<br \/>\n59100 Roubaix<\/span><\/p>\n<h3>Texts<\/h3>\n<p><span data-olk-copy-source=\"MessageBody\">Alex Yandell\u00a0<\/span><\/p>\n<h3>Photo Credits<\/h3>\n<p>Julie Rey<br \/>\n<span data-olk-copy-source=\"MessageBody\"> Lili Ren\u00e9e<\/span><br \/>\n<span data-olk-copy-source=\"MessageBody\">Drone of Visuals<\/span><\/p>\n<h3>Video Credits<\/h3>\n<p><span data-olk-copy-source=\"MessageBody\">Arnaud Lauqu\u00e9<\/span><\/p>\n","protected":false},"excerpt":{"rendered":"Publisher Information Domaines Henri Martin Mail : contact&#64;chateau-gloria.com T\u00e9l\u00e9phone :\u00a005 56 59 08 18 Adresse : 2-4 rue Marie Am\u00e9lie 33250 Saint-Julien Beychevelle, France SIREN\u00a0:\u00a0304 615 040 Num\u00e9ro de TVA intracommunautaire : FR81304615040 Publication Manager Caroline Triaud contact&#64;chateau-gloria.com Development Milk Digital Hosting Milk Digital c\/o OVHCloud 2 Rue Kellermann 59100 Roubaix Texts Alex Yandell\u00a0 Photo [&hellip;]","protected":false},"author":1,"featured_media":0,"parent":0,"menu_order":0,"comment_status":"closed","ping_status":"closed","template":"","meta":{"_acf_changed":false,"inline_featured_image":false,"footnotes":""},"class_list":["post-370","page","type-page","status-publish","hentry"],"acf":[],"yoast_head":"<!-- This site is optimized with the Yoast SEO plugin v27.5 - https:\/\/yoast.com\/product\/yoast-seo-wordpress\/ -->\n<title>Legal notice - Ch\u00e2teau Gloria<\/title>\n<meta name=\"robots\" content=\"index, follow, max-snippet:-1, max-image-preview:large, max-video-preview:-1\" \/>\n<link rel=\"canonical\" href=\"https:\/\/www.chateau-gloria.com\/en\/legal-notice\/\" \/>\n<meta property=\"og:locale\" content=\"en_US\" \/>\n<meta property=\"og:type\" content=\"article\" \/>\n<meta property=\"og:title\" content=\"Legal notice - Ch\u00e2teau Gloria\" \/>\n<meta property=\"og:description\" content=\"Publisher Information Domaines Henri Martin Mail : contact&#064;chateau-gloria.com T\u00e9l\u00e9phone :\u00a005 56 59 08 18 Adresse : 2-4 rue Marie Am\u00e9lie 33250 Saint-Julien Beychevelle, France SIREN\u00a0:\u00a0304 615 040 Num\u00e9ro de TVA intracommunautaire : FR81304615040 Publication Manager Caroline Triaud contact&#064;chateau-gloria.com Development Milk Digital Hosting Milk Digital c\/o OVHCloud 2 Rue Kellermann 59100 Roubaix Texts Alex Yandell\u00a0 Photo [&hellip;]\" \/>\n<meta property=\"og:url\" content=\"https:\/\/www.chateau-gloria.com\/en\/legal-notice\/\" \/>\n<meta property=\"og:site_name\" content=\"Ch\u00e2teau Gloria\" \/>\n<meta property=\"article:modified_time\" content=\"2025-06-24T09:15:59+00:00\" \/>\n<meta name=\"twitter:card\" content=\"summary_large_image\" \/>\n<meta name=\"twitter:label1\" content=\"Est. reading time\" \/>\n\t<meta name=\"twitter:data1\" content=\"1 minute\" \/>\n<script type=\"application\/ld+json\" class=\"yoast-schema-graph\">{\"@context\":\"https:\\\/\\\/schema.org\",\"@graph\":[{\"@type\":\"WebPage\",\"@id\":\"https:\\\/\\\/www.chateau-gloria.com\\\/en\\\/legal-notice\\\/\",\"url\":\"https:\\\/\\\/www.chateau-gloria.com\\\/en\\\/legal-notice\\\/\",\"name\":\"Legal notice - Ch\u00e2teau Gloria\",\"isPartOf\":{\"@id\":\"https:\\\/\\\/www.chateau-gloria.com\\\/en\\\/#website\"},\"datePublished\":\"2025-03-18T09:19:19+00:00\",\"dateModified\":\"2025-06-24T09:15:59+00:00\",\"breadcrumb\":{\"@id\":\"https:\\\/\\\/www.chateau-gloria.com\\\/en\\\/legal-notice\\\/#breadcrumb\"},\"inLanguage\":\"en-US\",\"potentialAction\":[{\"@type\":\"ReadAction\",\"target\":[\"https:\\\/\\\/www.chateau-gloria.com\\\/en\\\/legal-notice\\\/\"]}]},{\"@type\":\"BreadcrumbList\",\"@id\":\"https:\\\/\\\/www.chateau-gloria.com\\\/en\\\/legal-notice\\\/#breadcrumb\",\"itemListElement\":[{\"@type\":\"ListItem\",\"position\":1,\"name\":\"Accueil\",\"item\":\"https:\\\/\\\/www.chateau-gloria.com\\\/en\\\/\"},{\"@type\":\"ListItem\",\"position\":2,\"name\":\"Legal notice\"}]},{\"@type\":\"WebSite\",\"@id\":\"https:\\\/\\\/www.chateau-gloria.com\\\/en\\\/#website\",\"url\":\"https:\\\/\\\/www.chateau-gloria.com\\\/en\\\/\",\"name\":\"Ch\u00e2teau Gloria\",\"description\":\"Saint-Julien, Grand Cru Class\u00e9 en 1855\",\"potentialAction\":[{\"@type\":\"SearchAction\",\"target\":{\"@type\":\"EntryPoint\",\"urlTemplate\":\"https:\\\/\\\/www.chateau-gloria.com\\\/en\\\/?s={search_term_string}\"},\"query-input\":{\"@type\":\"PropertyValueSpecification\",\"valueRequired\":true,\"valueName\":\"search_term_string\"}}],\"inLanguage\":\"en-US\"}]}<\/script>\n<!-- \/ Yoast SEO plugin. -->","yoast_head_json":{"title":"Legal notice - Ch\u00e2teau Gloria","robots":{"index":"index","follow":"follow","max-snippet":"max-snippet:-1","max-image-preview":"max-image-preview:large","max-video-preview":"max-video-preview:-1"},"canonical":"https:\/\/www.chateau-gloria.com\/en\/legal-notice\/","og_locale":"en_US","og_type":"article","og_title":"Legal notice - Ch\u00e2teau Gloria","og_description":"Publisher Information Domaines Henri Martin Mail : contact&#64;chateau-gloria.com T\u00e9l\u00e9phone :\u00a005 56 59 08 18 Adresse : 2-4 rue Marie Am\u00e9lie 33250 Saint-Julien Beychevelle, France SIREN\u00a0:\u00a0304 615 040 Num\u00e9ro de TVA intracommunautaire : FR81304615040 Publication Manager Caroline Triaud contact&#64;chateau-gloria.com Development Milk Digital Hosting Milk Digital c\/o OVHCloud 2 Rue Kellermann 59100 Roubaix Texts Alex Yandell\u00a0 Photo [&hellip;]","og_url":"https:\/\/www.chateau-gloria.com\/en\/legal-notice\/","og_site_name":"Ch\u00e2teau Gloria","article_modified_time":"2025-06-24T09:15:59+00:00","twitter_card":"summary_large_image","twitter_misc":{"Est. reading time":"1 minute"},"schema":{"@context":"https:\/\/schema.org","@graph":[{"@type":"WebPage","@id":"https:\/\/www.chateau-gloria.com\/en\/legal-notice\/","url":"https:\/\/www.chateau-gloria.com\/en\/legal-notice\/","name":"Legal notice - Ch\u00e2teau Gloria","isPartOf":{"@id":"https:\/\/www.chateau-gloria.com\/en\/#website"},"datePublished":"2025-03-18T09:19:19+00:00","dateModified":"2025-06-24T09:15:59+00:00","breadcrumb":{"@id":"https:\/\/www.chateau-gloria.com\/en\/legal-notice\/#breadcrumb"},"inLanguage":"en-US","potentialAction":[{"@type":"ReadAction","target":["https:\/\/www.chateau-gloria.com\/en\/legal-notice\/"]}]},{"@type":"BreadcrumbList","@id":"https:\/\/www.chateau-gloria.com\/en\/legal-notice\/#breadcrumb","itemListElement":[{"@type":"ListItem","position":1,"name":"Accueil","item":"https:\/\/www.chateau-gloria.com\/en\/"},{"@type":"ListItem","position":2,"name":"Legal notice"}]},{"@type":"WebSite","@id":"https:\/\/www.chateau-gloria.com\/en\/#website","url":"https:\/\/www.chateau-gloria.com\/en\/","name":"Ch\u00e2teau Gloria","description":"Saint-Julien, Grand Cru Class\u00e9 en 1855","potentialAction":[{"@type":"SearchAction","target":{"@type":"EntryPoint","urlTemplate":"https:\/\/www.chateau-gloria.com\/en\/?s={search_term_string}"},"query-input":{"@type":"PropertyValueSpecification","valueRequired":true,"valueName":"search_term_string"}}],"inLanguage":"en-US"}]}},"_links":{"self":[{"href":"https:\/\/www.chateau-gloria.com\/en\/wp-json\/wp\/v2\/pages\/370","targetHints":{"allow":["GET"]}}],"collection":[{"href":"https:\/\/www.chateau-gloria.com\/en\/wp-json\/wp\/v2\/pages"}],"about":[{"href":"https:\/\/www.chateau-gloria.com\/en\/wp-json\/wp\/v2\/types\/page"}],"author":[{"embeddable":true,"href":"https:\/\/www.chateau-gloria.com\/en\/wp-json\/wp\/v2\/users\/1"}],"replies":[{"embeddable":true,"href":"https:\/\/www.chateau-gloria.com\/en\/wp-json\/wp\/v2\/comments?post=370"}],"version-history":[{"count":14,"href":"https:\/\/www.chateau-gloria.com\/en\/wp-json\/wp\/v2\/pages\/370\/revisions"}],"predecessor-version":[{"id":892,"href":"https:\/\/www.chateau-gloria.com\/en\/wp-json\/wp\/v2\/pages\/370\/revisions\/892"}],"wp:attachment":[{"href":"https:\/\/www.chateau-gloria.com\/en\/wp-json\/wp\/v2\/media?parent=370"}],"curies":[{"name":"wp","href":"https:\/\/api.w.org\/{rel}","templated":true}]}}